{"id":11814,"date":"2021-08-31T11:07:13","date_gmt":"2021-08-31T09:07:13","guid":{"rendered":"https:\/\/bustoque.fr\/bus-departures\/"},"modified":"2025-06-26T15:39:54","modified_gmt":"2025-06-26T13:39:54","slug":"bus-departures","status":"publish","type":"page","link":"https:\/\/bustoque.fr\/en\/bus-departures\/","title":{"rendered":"MEETING PLACE &#8211; Departure 6:00pm"},"content":{"rendered":"<p style=\"text-align: center;\"><span style=\"text-decoration: underline; color: #cfd818;\"><span style=\"font-size: 18pt;\"><strong>PARISIAN DINNER &#8211; departure 6h00pm*<\/strong><\/span><\/span><\/p>\n<p style=\"text-align: center;\"><span style=\"font-size: 14pt;\"><strong>MEETING AT THE C<\/strong><\/span><span style=\"font-size: 14pt;\"><strong>HAMPS-ELYSEES<\/strong><\/span><span style=\"font-size: 14pt;\"> &#8211; 107, AVENUE DES CHAMPS-ELYSEES 75008 PARIS<\/span><\/p>\n<p style=\"text-align: center;\">* If you are late or absent, you will not be entitled to any refund.<br \/>\nIt is therefore imperative to be on board the bus 20 minutes before departure time.<\/p>\n<p style=\"text-align: center;\">TO PATIENT: Ladur\u00e9e Champs-Elys\u00e9es Tearoom: 75 Avenue des Champs Elys\u00e9es 75008 Paris<\/p>\n<p style=\"text-align: center;\"><span style=\"font-size: 12pt;\"><strong>RER : <\/strong>Les Invalides (RER C)<\/span><\/p>\n<p style=\"text-align: center;\"><span style=\"font-size: 12pt;\"><strong>METRO :<\/strong> Georges V (line 1) | Franklin D. Roosevelt (line 1 and 9) | Champs Elys\u00e9es &#8211; Cl\u00e9menceau (line 1 and 13)<\/span><\/p>\n<p style=\"text-align: center;\"><span style=\"font-size: 12pt;\"><strong>BUS :<\/strong> 42, 73, 83, 93<\/span><\/p>\n<p style=\"text-align: center;\"><span style=\"font-size: 12pt;\"><strong>PARKING : <\/strong>Parking of the Champs Elys\u00e9es &#8211; 64, avenue des Champs Elys\u00e9es &#8211; 09 73 72 33 13<\/span><br \/>\n<span style=\"font-size: 12pt;\">Parking &#8211; 10 rue du Colys\u00e9e\u00a0 \u2013 01 45 63 34 09<\/span><\/p>\n<p><img fetchpriority=\"high\" decoding=\"async\" class=\"size-full wp-image-51741 aligncenter\" src=\"http:\/\/bustoque.fr\/wp-content\/uploads\/2024\/05\/Capture-decran-.-2024-05-20-a-16.28.09.jpeg\" alt=\"\" width=\"2471\" height=\"1712\" srcset=\"https:\/\/bustoque.fr\/wp-content\/uploads\/2024\/05\/Capture-decran-.-2024-05-20-a-16.28.09.jpeg 2471w, https:\/\/bustoque.fr\/wp-content\/uploads\/2024\/05\/Capture-decran-.-2024-05-20-a-16.28.09-300x208.jpeg 300w, https:\/\/bustoque.fr\/wp-content\/uploads\/2024\/05\/Capture-decran-.-2024-05-20-a-16.28.09-1024x709.jpeg 1024w, https:\/\/bustoque.fr\/wp-content\/uploads\/2024\/05\/Capture-decran-.-2024-05-20-a-16.28.09-768x532.jpeg 768w, https:\/\/bustoque.fr\/wp-content\/uploads\/2024\/05\/Capture-decran-.-2024-05-20-a-16.28.09-1536x1064.jpeg 1536w, https:\/\/bustoque.fr\/wp-content\/uploads\/2024\/05\/Capture-decran-.-2024-05-20-a-16.28.09-2048x1419.jpeg 2048w, https:\/\/bustoque.fr\/wp-content\/uploads\/2024\/05\/Capture-decran-.-2024-05-20-a-16.28.09-600x416.jpeg 600w\" sizes=\"(max-width: 2471px) 100vw, 2471px\" \/><\/p>\n<p style=\"text-align: center;\"><span style=\"color: #ff0000;\"><span style=\"font-size: 16px;\"><b><u>we are her \ud83d\ude42<\/u><\/b><\/span><\/span><\/p>\n<p><img decoding=\"async\" class=\"alignnone size-full wp-image-55618\" src=\"http:\/\/bustoque.fr\/wp-content\/uploads\/2024\/12\/33b2ace2-289b-4ce4-9df7-40d726315a04.jpg\" alt=\"\" width=\"1600\" height=\"714\" srcset=\"https:\/\/bustoque.fr\/wp-content\/uploads\/2024\/12\/33b2ace2-289b-4ce4-9df7-40d726315a04.jpg 1600w, https:\/\/bustoque.fr\/wp-content\/uploads\/2024\/12\/33b2ace2-289b-4ce4-9df7-40d726315a04-300x134.jpg 300w, https:\/\/bustoque.fr\/wp-content\/uploads\/2024\/12\/33b2ace2-289b-4ce4-9df7-40d726315a04-1024x457.jpg 1024w, https:\/\/bustoque.fr\/wp-content\/uploads\/2024\/12\/33b2ace2-289b-4ce4-9df7-40d726315a04-768x343.jpg 768w, https:\/\/bustoque.fr\/wp-content\/uploads\/2024\/12\/33b2ace2-289b-4ce4-9df7-40d726315a04-1536x685.jpg 1536w, https:\/\/bustoque.fr\/wp-content\/uploads\/2024\/12\/33b2ace2-289b-4ce4-9df7-40d726315a04-600x268.jpg 600w\" sizes=\"(max-width: 1600px) 100vw, 1600px\" \/><\/p>\n<h2 style=\"text-align: left;\"><span style=\"font-size: 18pt;\"><strong>INFORMATIONS<\/strong><\/span><\/h2>\n<p style=\"text-align: left;\">If you have any questions about your order, please contact us at contact@bustoque.fr, you will receive an answer within 24 hours from Monday to Friday. If you are late for your appointment or cannot find the meeting point, a dedicated line is at your disposal: 06 21 40 20 41<br \/>\nIf you wish to change your reservation, you have up to 72 hours before your arrival, 20% of the modification fees will be applied.<br \/>\nLess than 72 hours before the event: the date of the reservation cannot be changed and the reservation will be considered as cancelled. No refund will be given.<br \/>\nWe remind you that reservations are not refundable in case of cancellation, except for exceptional closure by Bus Toqu\u00e9. Any delay is considered as a cancellation and will result in a 100% charge.<br \/>\nIt is not possible for us to take charge of any luggage.<br \/>\n* Exceptionally, for reasons of traffic, events such as the Olympic Games, national holidays, demonstrations, construction work, etc. (non-exhaustive list), our routes and schedules may be modified. In such cases, we will inform you as soon as possible.<br \/>\nIn the event of unforeseen circumstances or force majeur, Bus Toqu\u00e9 may shift customers from another bus.<\/p>\n<p><strong>Our sales department remains at your disposal for any further information: contact@bustoque.fr | 06 21 40 20 41<\/strong><\/p>\n<p><strong>See you soon to live together an unforgettable moment\u2026<\/strong><\/p>\n<p style=\"text-align: center;\"><span style=\"font-size: 12pt;\"><strong>Our sales department remains at your disposal for any further information: contact@bustoque.fr | 06 21 40 20 41<\/strong><\/span><\/p>\n<p style=\"text-align: center;\"><span style=\"font-size: 12pt;\"><strong>See you soon to live together an unforgettable moment\u2026<\/strong><\/span><\/p>\n","protected":false},"excerpt":{"rendered":"<p>PARISIAN DINNER &#8211; departure 6h00pm* MEETING AT THE CHAMPS-ELYSEES &#8211; 107, AVENUE DES CHAMPS-ELYSEES 75008 PARIS * If you are late or absent, you will not be entitled to any refund. It is therefore imperative to be on board the bus 20 minutes before departure time. TO PATIENT: Ladur\u00e9e Champs-Elys\u00e9es Tearoom: 75 Avenue des Champs [&hellip;]<\/p>\n","protected":false},"author":2,"featured_media":0,"parent":0,"menu_order":0,"comment_status":"closed","ping_status":"closed","template":"","meta":{"_acf_changed":false,"footnotes":""},"class_list":["post-11814","page","type-page","status-publish","hentry"],"acf":[],"yoast_head":"<!-- This site is optimized with the Yoast SEO plugin v27.1.1 - https:\/\/yoast.com\/product\/yoast-seo-wordpress\/ -->\n<title>MEETING PLACE - Departure 6:00pm - Bus Toqu\u00e9<\/title>\n<meta name=\"robots\" content=\"index, follow, max-snippet:-1, max-image-preview:large, max-video-preview:-1\" \/>\n<link rel=\"canonical\" href=\"https:\/\/bustoque.fr\/en\/bus-departures\/\" \/>\n<meta property=\"og:locale\" content=\"en_US\" \/>\n<meta property=\"og:type\" content=\"article\" \/>\n<meta property=\"og:title\" content=\"MEETING PLACE - Departure 6:00pm - Bus Toqu\u00e9\" \/>\n<meta property=\"og:description\" content=\"PARISIAN DINNER &#8211; departure 6h00pm* MEETING AT THE CHAMPS-ELYSEES &#8211; 107, AVENUE DES CHAMPS-ELYSEES 75008 PARIS * If you are late or absent, you will not be entitled to any refund. It is therefore imperative to be on board the bus 20 minutes before departure time. TO PATIENT: Ladur\u00e9e Champs-Elys\u00e9es Tearoom: 75 Avenue des Champs [&hellip;]\" \/>\n<meta property=\"og:url\" content=\"https:\/\/bustoque.fr\/en\/bus-departures\/\" \/>\n<meta property=\"og:site_name\" content=\"Bus Toqu\u00e9\" \/>\n<meta property=\"article:modified_time\" content=\"2025-06-26T13:39:54+00:00\" \/>\n<meta property=\"og:image\" content=\"https:\/\/bustoque.fr\/wp-content\/uploads\/2024\/05\/Capture-decran-.-2024-05-20-a-16.28.09.jpeg\" \/>\n\t<meta property=\"og:image:width\" content=\"2471\" \/>\n\t<meta property=\"og:image:height\" content=\"1712\" \/>\n\t<meta property=\"og:image:type\" content=\"image\/jpeg\" \/>\n<meta name=\"twitter:card\" content=\"summary_large_image\" \/>\n<meta name=\"twitter:label1\" content=\"Est. reading time\" \/>\n\t<meta name=\"twitter:data1\" content=\"3 minutes\" \/>\n<script type=\"application\/ld+json\" class=\"yoast-schema-graph\">{\"@context\":\"https:\/\/schema.org\",\"@graph\":[{\"@type\":\"WebPage\",\"@id\":\"https:\/\/bustoque.fr\/en\/bus-departures\/\",\"url\":\"https:\/\/bustoque.fr\/en\/bus-departures\/\",\"name\":\"MEETING PLACE - Departure 6:00pm - Bus Toqu\u00e9\",\"isPartOf\":{\"@id\":\"https:\/\/bustoque.fr\/#website\"},\"primaryImageOfPage\":{\"@id\":\"https:\/\/bustoque.fr\/en\/bus-departures\/#primaryimage\"},\"image\":{\"@id\":\"https:\/\/bustoque.fr\/en\/bus-departures\/#primaryimage\"},\"thumbnailUrl\":\"http:\/\/bustoque.fr\/wp-content\/uploads\/2024\/05\/Capture-decran-.-2024-05-20-a-16.28.09.jpeg\",\"datePublished\":\"2021-08-31T09:07:13+00:00\",\"dateModified\":\"2025-06-26T13:39:54+00:00\",\"breadcrumb\":{\"@id\":\"https:\/\/bustoque.fr\/en\/bus-departures\/#breadcrumb\"},\"inLanguage\":\"en-US\",\"potentialAction\":[{\"@type\":\"ReadAction\",\"target\":[\"https:\/\/bustoque.fr\/en\/bus-departures\/\"]}]},{\"@type\":\"ImageObject\",\"inLanguage\":\"en-US\",\"@id\":\"https:\/\/bustoque.fr\/en\/bus-departures\/#primaryimage\",\"url\":\"http:\/\/bustoque.fr\/wp-content\/uploads\/2024\/05\/Capture-decran-.-2024-05-20-a-16.28.09.jpeg\",\"contentUrl\":\"http:\/\/bustoque.fr\/wp-content\/uploads\/2024\/05\/Capture-decran-.-2024-05-20-a-16.28.09.jpeg\"},{\"@type\":\"BreadcrumbList\",\"@id\":\"https:\/\/bustoque.fr\/en\/bus-departures\/#breadcrumb\",\"itemListElement\":[{\"@type\":\"ListItem\",\"position\":1,\"name\":\"Accueil\",\"item\":\"https:\/\/bustoque.fr\/en\/\"},{\"@type\":\"ListItem\",\"position\":2,\"name\":\"MEETING PLACE &#8211; Departure 6:00pm\"}]},{\"@type\":\"WebSite\",\"@id\":\"https:\/\/bustoque.fr\/#website\",\"url\":\"https:\/\/bustoque.fr\/\",\"name\":\"Bus Toqu\u00e9\",\"description\":\"La table la mieux situ\u00e9e de Paris\",\"potentialAction\":[{\"@type\":\"SearchAction\",\"target\":{\"@type\":\"EntryPoint\",\"urlTemplate\":\"https:\/\/bustoque.fr\/?s={search_term_string}\"},\"query-input\":{\"@type\":\"PropertyValueSpecification\",\"valueRequired\":true,\"valueName\":\"search_term_string\"}}],\"inLanguage\":\"en-US\"}]}<\/script>\n<!-- \/ Yoast SEO plugin. -->","yoast_head_json":{"title":"MEETING PLACE - Departure 6:00pm - Bus Toqu\u00e9","robots":{"index":"index","follow":"follow","max-snippet":"max-snippet:-1","max-image-preview":"max-image-preview:large","max-video-preview":"max-video-preview:-1"},"canonical":"https:\/\/bustoque.fr\/en\/bus-departures\/","og_locale":"en_US","og_type":"article","og_title":"MEETING PLACE - Departure 6:00pm - Bus Toqu\u00e9","og_description":"PARISIAN DINNER &#8211; departure 6h00pm* MEETING AT THE CHAMPS-ELYSEES &#8211; 107, AVENUE DES CHAMPS-ELYSEES 75008 PARIS * If you are late or absent, you will not be entitled to any refund. It is therefore imperative to be on board the bus 20 minutes before departure time. TO PATIENT: Ladur\u00e9e Champs-Elys\u00e9es Tearoom: 75 Avenue des Champs [&hellip;]","og_url":"https:\/\/bustoque.fr\/en\/bus-departures\/","og_site_name":"Bus Toqu\u00e9","article_modified_time":"2025-06-26T13:39:54+00:00","og_image":[{"width":2471,"height":1712,"url":"https:\/\/bustoque.fr\/wp-content\/uploads\/2024\/05\/Capture-decran-.-2024-05-20-a-16.28.09.jpeg","type":"image\/jpeg"}],"twitter_card":"summary_large_image","twitter_misc":{"Est. reading time":"3 minutes"},"schema":{"@context":"https:\/\/schema.org","@graph":[{"@type":"WebPage","@id":"https:\/\/bustoque.fr\/en\/bus-departures\/","url":"https:\/\/bustoque.fr\/en\/bus-departures\/","name":"MEETING PLACE - Departure 6:00pm - Bus Toqu\u00e9","isPartOf":{"@id":"https:\/\/bustoque.fr\/#website"},"primaryImageOfPage":{"@id":"https:\/\/bustoque.fr\/en\/bus-departures\/#primaryimage"},"image":{"@id":"https:\/\/bustoque.fr\/en\/bus-departures\/#primaryimage"},"thumbnailUrl":"http:\/\/bustoque.fr\/wp-content\/uploads\/2024\/05\/Capture-decran-.-2024-05-20-a-16.28.09.jpeg","datePublished":"2021-08-31T09:07:13+00:00","dateModified":"2025-06-26T13:39:54+00:00","breadcrumb":{"@id":"https:\/\/bustoque.fr\/en\/bus-departures\/#breadcrumb"},"inLanguage":"en-US","potentialAction":[{"@type":"ReadAction","target":["https:\/\/bustoque.fr\/en\/bus-departures\/"]}]},{"@type":"ImageObject","inLanguage":"en-US","@id":"https:\/\/bustoque.fr\/en\/bus-departures\/#primaryimage","url":"http:\/\/bustoque.fr\/wp-content\/uploads\/2024\/05\/Capture-decran-.-2024-05-20-a-16.28.09.jpeg","contentUrl":"http:\/\/bustoque.fr\/wp-content\/uploads\/2024\/05\/Capture-decran-.-2024-05-20-a-16.28.09.jpeg"},{"@type":"BreadcrumbList","@id":"https:\/\/bustoque.fr\/en\/bus-departures\/#breadcrumb","itemListElement":[{"@type":"ListItem","position":1,"name":"Accueil","item":"https:\/\/bustoque.fr\/en\/"},{"@type":"ListItem","position":2,"name":"MEETING PLACE &#8211; Departure 6:00pm"}]},{"@type":"WebSite","@id":"https:\/\/bustoque.fr\/#website","url":"https:\/\/bustoque.fr\/","name":"Bus Toqu\u00e9","description":"La table la mieux situ\u00e9e de Paris","potentialAction":[{"@type":"SearchAction","target":{"@type":"EntryPoint","urlTemplate":"https:\/\/bustoque.fr\/?s={search_term_string}"},"query-input":{"@type":"PropertyValueSpecification","valueRequired":true,"valueName":"search_term_string"}}],"inLanguage":"en-US"}]}},"_links":{"self":[{"href":"https:\/\/bustoque.fr\/en\/wp-json\/wp\/v2\/pages\/11814","targetHints":{"allow":["GET"]}}],"collection":[{"href":"https:\/\/bustoque.fr\/en\/wp-json\/wp\/v2\/pages"}],"about":[{"href":"https:\/\/bustoque.fr\/en\/wp-json\/wp\/v2\/types\/page"}],"author":[{"embeddable":true,"href":"https:\/\/bustoque.fr\/en\/wp-json\/wp\/v2\/users\/2"}],"replies":[{"embeddable":true,"href":"https:\/\/bustoque.fr\/en\/wp-json\/wp\/v2\/comments?post=11814"}],"version-history":[{"count":23,"href":"https:\/\/bustoque.fr\/en\/wp-json\/wp\/v2\/pages\/11814\/revisions"}],"predecessor-version":[{"id":60568,"href":"https:\/\/bustoque.fr\/en\/wp-json\/wp\/v2\/pages\/11814\/revisions\/60568"}],"wp:attachment":[{"href":"https:\/\/bustoque.fr\/en\/wp-json\/wp\/v2\/media?parent=11814"}],"curies":[{"name":"wp","href":"https:\/\/api.w.org\/{rel}","templated":true}]}}