{"id":548,"date":"2024-03-18T17:09:04","date_gmt":"2024-03-18T16:09:04","guid":{"rendered":"http:\/\/bustoque.fr\/mentions-legales\/"},"modified":"2024-03-18T17:09:04","modified_gmt":"2024-03-18T16:09:04","slug":"mentions-legales","status":"publish","type":"page","link":"https:\/\/bustoque.fr\/en\/mentions-legales\/","title":{"rendered":"L\u00e9gal mentions"},"content":{"rendered":"<p>Under the law of confidence in the digital economy (LCEN) from June 21, 2004, the contact details of the publisher and website hosts\/provider are: <a href=\"http:\/\/bustoque.fr\">http:\/\/bustoque.fr<\/a><\/p>\n<p>Website: BUSTOQUE<br \/>\nThe website is the property of RESTO BUS<br \/>\nsiret: 819 197 138 00012<\/p>\n<p>Publication Manager: Vincent DURAND<\/p>\n<p>Direct and permanent storage host: OVH<br \/>\nHost address: <a href=\"http:\/\/ww.ovh.com\" target=\"_blank\" rel=\"noopener\">http:\/\/ww.ovh.com<\/a><\/p>\n<p>Complice WEB provides the website development and maintenance.<\/p>\n<p><a href=\"http:\/\/www.compliceweb.com\">Complice WEB<\/a><br \/>\n+33 1 60 12 63 75<\/p>\n<p>168 voie de Compi\u00e8gne<br \/>\n91170 Viry-Ch\u00e2tillon<\/p>\n<h3>Copyright<\/h3>\n<p>This site is subject to French and International legislation on copyright and intellectual property.<\/p>\n<p>All rights of reproduction are reserved.<\/p>\n<h3>Hyperlinks<\/h3>\n<p>This website contains hyperlinks allowing the allowing the access to websites not published by the developer of this website. The publication manager cannot be hold responsible for the content of the sites to which the user would thus have access. It is strictly forbidden to collect and use the information available on the website for commercial purposes. This prohibition extends in particular, without this list being limited, to any editorial element appearing on the website, to the presentation of the screens, to the software necessary for the exploitation, to the logos, images, photos, and graphics of any type.<\/p>\n<h3>Hyperlinks to this website<\/h3>\n<p>Excepting the websites broadcasting illegal content information and\/or political, religious, pornographic, xenophobic, you can create a hyperlink to our website on your website.<\/p>\n<p>Inserting the hyperlinks does not authorize in any way the reproduction of elements of the website or the presentation on third sites of elements of the website in the form of frame or related system.<\/p>\n<p>Finally, the inserted hyperlinks does not authorize in any way to propose the sending of a pre-written message to an email address linked to the website or to install a system allowing spamming of any kind.<\/p>\n<p>&nbsp;<\/p>\n","protected":false},"excerpt":{"rendered":"<p>Under the law of confidence in the digital economy (LCEN) from June 21, 2004, the contact details of the publisher and website hosts\/provider are: http:\/\/bustoque.fr Website: BUSTOQUE The website is the property of RESTO BUS siret: 819 197 138 00012 Publication Manager: Vincent DURAND Direct and permanent storage host: OVH Host address: http:\/\/ww.ovh.com Complice WEB [&hellip;]<\/p>\n","protected":false},"author":1,"featured_media":0,"parent":0,"menu_order":0,"comment_status":"closed","ping_status":"closed","template":"","meta":{"_acf_changed":false,"footnotes":""},"class_list":["post-548","page","type-page","status-publish","hentry"],"acf":[],"yoast_head":"<!-- This site is optimized with the Yoast SEO plugin v27.1.1 - https:\/\/yoast.com\/product\/yoast-seo-wordpress\/ -->\n<title>L\u00e9gal mentions - Bus Toqu\u00e9<\/title>\n<meta name=\"description\" content=\"Thank you to read the terms of use carefully before using the Bus Toqu\u00e9 site\" \/>\n<meta name=\"robots\" content=\"index, follow, max-snippet:-1, max-image-preview:large, max-video-preview:-1\" \/>\n<link rel=\"canonical\" href=\"https:\/\/bustoque.fr\/en\/mentions-legales\/\" \/>\n<meta property=\"og:locale\" content=\"en_US\" \/>\n<meta property=\"og:type\" content=\"article\" \/>\n<meta property=\"og:title\" content=\"L\u00e9gal mentions - Bus Toqu\u00e9\" \/>\n<meta property=\"og:description\" content=\"Thank you to read the terms of use carefully before using the Bus Toqu\u00e9 site\" \/>\n<meta property=\"og:url\" content=\"https:\/\/bustoque.fr\/en\/mentions-legales\/\" \/>\n<meta property=\"og:site_name\" content=\"Bus Toqu\u00e9\" \/>\n<meta name=\"twitter:card\" content=\"summary_large_image\" \/>\n<meta name=\"twitter:label1\" content=\"Est. reading time\" \/>\n\t<meta name=\"twitter:data1\" content=\"2 minutes\" \/>\n<script type=\"application\/ld+json\" class=\"yoast-schema-graph\">{\"@context\":\"https:\/\/schema.org\",\"@graph\":[{\"@type\":\"WebPage\",\"@id\":\"https:\/\/bustoque.fr\/en\/mentions-legales\/\",\"url\":\"https:\/\/bustoque.fr\/en\/mentions-legales\/\",\"name\":\"L\u00e9gal mentions - Bus Toqu\u00e9\",\"isPartOf\":{\"@id\":\"https:\/\/bustoque.fr\/#website\"},\"datePublished\":\"2024-03-18T16:09:04+00:00\",\"description\":\"Thank you to read the terms of use carefully before using the Bus Toqu\u00e9 site\",\"breadcrumb\":{\"@id\":\"https:\/\/bustoque.fr\/en\/mentions-legales\/#breadcrumb\"},\"inLanguage\":\"en-US\",\"potentialAction\":[{\"@type\":\"ReadAction\",\"target\":[\"https:\/\/bustoque.fr\/en\/mentions-legales\/\"]}]},{\"@type\":\"BreadcrumbList\",\"@id\":\"https:\/\/bustoque.fr\/en\/mentions-legales\/#breadcrumb\",\"itemListElement\":[{\"@type\":\"ListItem\",\"position\":1,\"name\":\"Accueil\",\"item\":\"https:\/\/bustoque.fr\/en\/\"},{\"@type\":\"ListItem\",\"position\":2,\"name\":\"L\u00e9gal mentions\"}]},{\"@type\":\"WebSite\",\"@id\":\"https:\/\/bustoque.fr\/#website\",\"url\":\"https:\/\/bustoque.fr\/\",\"name\":\"Bus Toqu\u00e9\",\"description\":\"La table la mieux situ\u00e9e de Paris\",\"potentialAction\":[{\"@type\":\"SearchAction\",\"target\":{\"@type\":\"EntryPoint\",\"urlTemplate\":\"https:\/\/bustoque.fr\/?s={search_term_string}\"},\"query-input\":{\"@type\":\"PropertyValueSpecification\",\"valueRequired\":true,\"valueName\":\"search_term_string\"}}],\"inLanguage\":\"en-US\"}]}<\/script>\n<!-- \/ Yoast SEO plugin. -->","yoast_head_json":{"title":"L\u00e9gal mentions - Bus Toqu\u00e9","description":"Thank you to read the terms of use carefully before using the Bus Toqu\u00e9 site","robots":{"index":"index","follow":"follow","max-snippet":"max-snippet:-1","max-image-preview":"max-image-preview:large","max-video-preview":"max-video-preview:-1"},"canonical":"https:\/\/bustoque.fr\/en\/mentions-legales\/","og_locale":"en_US","og_type":"article","og_title":"L\u00e9gal mentions - Bus Toqu\u00e9","og_description":"Thank you to read the terms of use carefully before using the Bus Toqu\u00e9 site","og_url":"https:\/\/bustoque.fr\/en\/mentions-legales\/","og_site_name":"Bus Toqu\u00e9","twitter_card":"summary_large_image","twitter_misc":{"Est. reading time":"2 minutes"},"schema":{"@context":"https:\/\/schema.org","@graph":[{"@type":"WebPage","@id":"https:\/\/bustoque.fr\/en\/mentions-legales\/","url":"https:\/\/bustoque.fr\/en\/mentions-legales\/","name":"L\u00e9gal mentions - Bus Toqu\u00e9","isPartOf":{"@id":"https:\/\/bustoque.fr\/#website"},"datePublished":"2024-03-18T16:09:04+00:00","description":"Thank you to read the terms of use carefully before using the Bus Toqu\u00e9 site","breadcrumb":{"@id":"https:\/\/bustoque.fr\/en\/mentions-legales\/#breadcrumb"},"inLanguage":"en-US","potentialAction":[{"@type":"ReadAction","target":["https:\/\/bustoque.fr\/en\/mentions-legales\/"]}]},{"@type":"BreadcrumbList","@id":"https:\/\/bustoque.fr\/en\/mentions-legales\/#breadcrumb","itemListElement":[{"@type":"ListItem","position":1,"name":"Accueil","item":"https:\/\/bustoque.fr\/en\/"},{"@type":"ListItem","position":2,"name":"L\u00e9gal mentions"}]},{"@type":"WebSite","@id":"https:\/\/bustoque.fr\/#website","url":"https:\/\/bustoque.fr\/","name":"Bus Toqu\u00e9","description":"La table la mieux situ\u00e9e de Paris","potentialAction":[{"@type":"SearchAction","target":{"@type":"EntryPoint","urlTemplate":"https:\/\/bustoque.fr\/?s={search_term_string}"},"query-input":{"@type":"PropertyValueSpecification","valueRequired":true,"valueName":"search_term_string"}}],"inLanguage":"en-US"}]}},"_links":{"self":[{"href":"https:\/\/bustoque.fr\/en\/wp-json\/wp\/v2\/pages\/548","targetHints":{"allow":["GET"]}}],"collection":[{"href":"https:\/\/bustoque.fr\/en\/wp-json\/wp\/v2\/pages"}],"about":[{"href":"https:\/\/bustoque.fr\/en\/wp-json\/wp\/v2\/types\/page"}],"author":[{"embeddable":true,"href":"https:\/\/bustoque.fr\/en\/wp-json\/wp\/v2\/users\/1"}],"replies":[{"embeddable":true,"href":"https:\/\/bustoque.fr\/en\/wp-json\/wp\/v2\/comments?post=548"}],"version-history":[{"count":2,"href":"https:\/\/bustoque.fr\/en\/wp-json\/wp\/v2\/pages\/548\/revisions"}],"predecessor-version":[{"id":2008,"href":"https:\/\/bustoque.fr\/en\/wp-json\/wp\/v2\/pages\/548\/revisions\/2008"}],"wp:attachment":[{"href":"https:\/\/bustoque.fr\/en\/wp-json\/wp\/v2\/media?parent=548"}],"curies":[{"name":"wp","href":"https:\/\/api.w.org\/{rel}","templated":true}]}}