{"id":992,"date":"2017-08-17T16:22:34","date_gmt":"2017-08-17T16:22:34","guid":{"rendered":"http:\/\/bustoque.fr\/cartes\/"},"modified":"2025-12-18T17:04:10","modified_gmt":"2025-12-18T16:04:10","slug":"menu","status":"publish","type":"page","link":"https:\/\/bustoque.fr\/en\/menu\/","title":{"rendered":"Offers \/ Menus"},"content":{"rendered":"<p style=\"text-align: center;\"><span style=\"font-size: 14pt; color: #ffffff;\"><strong>Our menus include the visit of Paris aboard our top-of-the-range bus<br \/>\ndeveloped for this activity. All departures are from the Champs-Elys\u00e9es district except for Sunday lunch (Op\u00e9ra district)<\/strong><\/span><\/p>\n<p style=\"text-align: center;\"><span style=\"font-size: 14pt; color: #000000;\"><strong><span style=\"color: #ffffff;\">On board, on each table, you will find an audio video application created exclusively for Bus Toqu\u00e9<\/span>.<\/strong><\/span><\/p>\n<p style=\"text-align: center;\"><span style=\"font-size: 18pt;\"><strong><span style=\"color: #cad400;\">&#8220;RIVE GAUCHE&#8221; LUNCH<br \/>\n<span style=\"font-size: 14pt;\">12:30pm \/ 2:00pm(2:15pm) or <\/span><\/span><\/strong><\/span><span style=\"font-size: 18pt;\"><strong><span style=\"color: #cad400;\"><span style=\"font-size: 14pt;\">1.pm\/2.30pm(45)<\/span><\/span><\/strong><\/span><\/p>\n<p style=\"text-align: center;\"><span style=\"font-size: 14pt;\"><strong>Meal in 4 steps<\/strong><em><br \/>\n<\/em>From 70\u20ac * \u2013 <strong><a href=\"https:\/\/bustoque.fr\/en\/sunday-lunch\/\">click here<\/a><\/strong><\/span><\/p>\n<p style=\"text-align: center;\"><span style=\"color: #6edaf5;\"><strong><span style=\"font-size: 18pt;\">SUNDAY LUNCH<br \/>\n1pm\/3pm(15)<br \/>\n<\/span><\/strong><\/span><span style=\"font-size: revert;\"><span style=\"font-size: 14pt;\"><strong>Meal in 5 steps<\/strong><\/span><br \/>\n<span style=\"font-size: 14pt;\">From 85\u20ac *\u00a0 &#8211; \u00a0<strong><a href=\"https:\/\/bustoque.fr\/en\/sunday-lunch\/\">click here<\/a><\/strong><\/span><\/span><\/p>\n<p style=\"text-align: center;\"><span style=\"color: #d550f0;\"><strong><span style=\"font-size: 18pt;\">PARISIAN DINNER<br \/>\n<span style=\"font-size: 14pt;\">6pm\/7.30pm(7.45pm)<br \/>\n<\/span><\/span><\/strong><\/span><span style=\"font-size: 14pt;\"><strong>Meal in 3 steps<\/strong><\/span><br \/>\n<span style=\"font-size: 14pt;\">From 90\u20ac *\u00a0 &#8211; \u00a0<strong><a href=\"https:\/\/bustoque.fr\/en\/parisian-dinner\/\">click here<\/a><\/strong><\/span><\/p>\n<p style=\"text-align: center;\"><span style=\"font-size: 18pt; color: #e4348b;\"><strong>PARIS BY NIGHT<br \/>\n<span style=\"font-size: 14pt;\">7pm\/9pm(15) or 8.30pm\/10.30pm (10.45 pm) <\/span><\/strong><\/span><span style=\"font-size: 18pt; color: #e4348b;\"><strong><span style=\"font-size: 14pt;\">or 9.45pm\/23.45pm(00:00)<br \/>\n<\/span><\/strong><\/span><span style=\"font-size: 14pt;\"><strong>Meal in 5 steps<br \/>\nFrom 110\u20ac *\u00a0 &#8211; \u00a0<\/strong><\/span><span style=\"font-size: 14pt;\"><strong><a href=\"http:\/\/bustoque.fr\/diner_by_night_visite_insolite_bustoque_paris\/\">click here<\/a><\/strong><\/span><span style=\"font-size: 14pt; color: #ffffff;\"><strong><br \/>\n<\/strong><\/span><\/p>\n<p>*Excluding special periods (Christmas eve, Christmas day, new year&#8217;s eve, Valentine&#8217;s day, July 14,&#8230;non-exhaustive list.<\/p>\n<h2><strong>FRENCH QUALITY PARTNERS<\/strong><\/h2>\n<p style=\"text-align: center;\"><em><span style=\"font-size: 14pt; color: #cad400;\"><strong>Your cheesemaker<\/strong><\/span><\/em><\/p>\n<p style=\"text-align: center;\"><em><span style=\"font-size: 12pt;\">Anth\u00e8s : Cheesemaker since 1959, Anth\u00e8s is one of the leading names in quality parisian catering<\/span><\/em><\/p>\n<p style=\"text-align: center;\"><em><span style=\"font-size: 14pt;\"><strong><span style=\"color: #cad400;\">Your drinks and aperitifs<\/span><\/strong><\/span><\/em><\/p>\n<p style=\"text-align: center;\"><em><span style=\"font-size: 12pt;\">Alain Milliat &#8211; Maison de Jus de Fruits since 1997 &#8211; Premium fruit juice and nectar tasting Made in France<\/span><\/em><\/p>\n<p style=\"text-align: center;\"><em><span style=\"font-size: 12pt;\">La Barge &#8211; Travelling craft brewery &#8211; Silver Tourquet of the French Brewery Museum 2018 Beer Competition and Silver Silver of the Lyon International Competition<\/span><\/em><\/p>\n<p style=\"text-align: center;\"><em><span style=\"font-size: 12pt;\">Tricoche Spirits | La Fabrique de l&#8217;Arrang\u00e9e &#8211; Original creator of spirits Made in France &#8211; Traditional arranged rums made from A.O.C. agricultural rums from Martinique<\/span><\/em><\/p>\n<p style=\"text-align: center;\"><em><span style=\"font-size: 12pt;\">La Maison Nordique &#8211; French Caviar &#8211; A family business with strong values: excellence, proximity, professionalism and rigor.<\/span><\/em><\/p>\n<p style=\"text-align: center;\"><em><span style=\"color: #cad400;\"><strong><span style=\"font-size: 14pt;\">Your wines and champagnes<\/span><\/strong><\/span><\/em><\/p>\n<p style=\"text-align: center;\"><em><span style=\"font-size: 12pt;\">\u00d4 CHATEAU &#8211; Wine bar in Paris elected &#8220;Best wine list of France in 2017&#8221;.<\/span><\/em><\/p>\n<p style=\"text-align: center;\">RUINART &#8211; Established in 1729, RUINART is the oldest Champagne House and the symbol of French art de vivre.<\/p>\n<p style=\"text-align: center;\"><em><strong><span style=\"color: #cad400; font-size: 12pt;\">Discover our wine and champagne list <a href=\"https:\/\/bustoque.fr\/carte-vins-et-champagne\/\" target=\"_blank\" rel=\"noopener\">here<\/a><\/span><\/strong><\/em><\/p>\n<p style=\"text-align: center;\"><img decoding=\"async\" class=\"alignnone wp-image-46228\" src=\"http:\/\/bustoque.fr\/wp-content\/uploads\/2023\/11\/logo_ruinart.png\" alt=\"\" width=\"158\" height=\"88\" \/>\u00a0 <img decoding=\"async\" class=\"alignnone wp-image-29944\" src=\"http:\/\/bustoque.fr\/wp-content\/uploads\/2022\/11\/logo_milliat_fdblanc.png\" alt=\"\" width=\"89\" height=\"89\" srcset=\"https:\/\/bustoque.fr\/wp-content\/uploads\/2022\/11\/logo_milliat_fdblanc.png 225w, https:\/\/bustoque.fr\/wp-content\/uploads\/2022\/11\/logo_milliat_fdblanc-100x100.png 100w, https:\/\/bustoque.fr\/wp-content\/uploads\/2022\/11\/logo_milliat_fdblanc-150x150.png 150w\" sizes=\"(max-width: 89px) 100vw, 89px\" \/>\u00a0 <img decoding=\"async\" class=\"wp-image-29942 alignnone\" src=\"http:\/\/bustoque.fr\/wp-content\/uploads\/2022\/11\/logo_lamaisonnordique_fdblanc.png\" alt=\"\" width=\"91\" height=\"89\" \/> \u00a0<img loading=\"lazy\" decoding=\"async\" class=\"alignnone wp-image-30635\" src=\"http:\/\/bustoque.fr\/wp-content\/uploads\/2022\/11\/logo_ochateau.jpg\" alt=\"\" width=\"72\" height=\"86\" \/><\/p>\n<p style=\"text-align: center;\">\u00a0<img loading=\"lazy\" decoding=\"async\" class=\"alignnone wp-image-9319\" src=\"https:\/\/bustoque.fr\/wp-content\/uploads\/2021\/01\/lArrange.png\" alt=\"\" width=\"103\" height=\"74\" \/> \u00a0<img loading=\"lazy\" decoding=\"async\" class=\"alignnone wp-image-9317\" src=\"https:\/\/bustoque.fr\/wp-content\/uploads\/2021\/01\/La-barge.png\" alt=\"\" width=\"74\" height=\"74\" \/> <img loading=\"lazy\" decoding=\"async\" class=\"alignnone  wp-image-59493\" src=\"http:\/\/bustoque.fr\/wp-content\/uploads\/2025\/05\/logo_or_anthes.jpg\" alt=\"\" width=\"77\" height=\"77\" srcset=\"https:\/\/bustoque.fr\/wp-content\/uploads\/2025\/05\/logo_or_anthes.jpg 225w, https:\/\/bustoque.fr\/wp-content\/uploads\/2025\/05\/logo_or_anthes-150x150.jpg 150w, https:\/\/bustoque.fr\/wp-content\/uploads\/2025\/05\/logo_or_anthes-100x100.jpg 100w\" sizes=\"(max-width: 77px) 100vw, 77px\" \/>\u00a0\u00a0<img loading=\"lazy\" decoding=\"async\" class=\"alignnone wp-image-31089\" src=\"http:\/\/bustoque.fr\/wp-content\/uploads\/2022\/12\/logo_chocoaucarre.jpeg\" alt=\"\" width=\"81\" height=\"81\" srcset=\"https:\/\/bustoque.fr\/wp-content\/uploads\/2022\/12\/logo_chocoaucarre.jpeg 225w, https:\/\/bustoque.fr\/wp-content\/uploads\/2022\/12\/logo_chocoaucarre-100x100.jpeg 100w, https:\/\/bustoque.fr\/wp-content\/uploads\/2022\/12\/logo_chocoaucarre-150x150.jpeg 150w\" sizes=\"(max-width: 81px) 100vw, 81px\" \/><\/p>\n<p style=\"text-align: center;\">\n","protected":false},"excerpt":{"rendered":"<p>Our menus include the visit of Paris aboard our top-of-the-range bus developed for this activity. All departures are from the Champs-Elys\u00e9es district except for Sunday lunch (Op\u00e9ra district) On board, on each table, you will find an audio video application created exclusively for Bus Toqu\u00e9. &#8220;RIVE GAUCHE&#8221; LUNCH 12:30pm \/ 2:00pm(2:15pm) or 1.pm\/2.30pm(45) Meal in [&hellip;]<\/p>\n","protected":false},"author":2,"featured_media":0,"parent":0,"menu_order":0,"comment_status":"closed","ping_status":"closed","template":"","meta":{"_acf_changed":false,"footnotes":""},"class_list":["post-992","page","type-page","status-publish","hentry"],"acf":[],"yoast_head":"<!-- This site is optimized with the Yoast SEO plugin v27.1.1 - https:\/\/yoast.com\/product\/yoast-seo-wordpress\/ -->\n<title>Menu Bus Toqu\u00e9 : unique menu, drinks list, wine list<\/title>\n<meta name=\"description\" content=\"Discover our unique menu (appetizer, entr\u00e9e, main course, cheese plate and signature dessert), our drinks and wine list.\" \/>\n<meta name=\"robots\" content=\"index, follow, max-snippet:-1, max-image-preview:large, max-video-preview:-1\" \/>\n<link rel=\"canonical\" href=\"https:\/\/bustoque.fr\/en\/menu\/\" \/>\n<meta property=\"og:locale\" content=\"en_US\" \/>\n<meta property=\"og:type\" content=\"article\" \/>\n<meta property=\"og:title\" content=\"Menu Bus Toqu\u00e9 : unique menu, drinks list, wine list\" \/>\n<meta property=\"og:description\" content=\"Discover our unique menu (appetizer, entr\u00e9e, main course, cheese plate and signature dessert), our drinks and wine list.\" \/>\n<meta property=\"og:url\" content=\"https:\/\/bustoque.fr\/en\/menu\/\" \/>\n<meta property=\"og:site_name\" content=\"Bus Toqu\u00e9\" \/>\n<meta property=\"article:modified_time\" content=\"2025-12-18T16:04:10+00:00\" \/>\n<meta property=\"og:image\" content=\"https:\/\/bustoque.fr\/wp-content\/uploads\/2023\/11\/logo_ruinart.png\" \/>\n\t<meta property=\"og:image:width\" content=\"300\" \/>\n\t<meta property=\"og:image:height\" content=\"168\" \/>\n\t<meta property=\"og:image:type\" content=\"image\/png\" \/>\n<meta name=\"twitter:card\" content=\"summary_large_image\" \/>\n<meta name=\"twitter:label1\" content=\"Est. reading time\" \/>\n\t<meta name=\"twitter:data1\" content=\"3 minutes\" \/>\n<script type=\"application\/ld+json\" class=\"yoast-schema-graph\">{\"@context\":\"https:\/\/schema.org\",\"@graph\":[{\"@type\":\"WebPage\",\"@id\":\"https:\/\/bustoque.fr\/en\/menu\/\",\"url\":\"https:\/\/bustoque.fr\/en\/menu\/\",\"name\":\"Menu Bus Toqu\u00e9 : unique menu, drinks list, wine list\",\"isPartOf\":{\"@id\":\"https:\/\/bustoque.fr\/#website\"},\"primaryImageOfPage\":{\"@id\":\"https:\/\/bustoque.fr\/en\/menu\/#primaryimage\"},\"image\":{\"@id\":\"https:\/\/bustoque.fr\/en\/menu\/#primaryimage\"},\"thumbnailUrl\":\"http:\/\/bustoque.fr\/wp-content\/uploads\/2023\/11\/logo_ruinart.png\",\"datePublished\":\"2017-08-17T16:22:34+00:00\",\"dateModified\":\"2025-12-18T16:04:10+00:00\",\"description\":\"Discover our unique menu (appetizer, entr\u00e9e, main course, cheese plate and signature dessert), our drinks and wine list.\",\"breadcrumb\":{\"@id\":\"https:\/\/bustoque.fr\/en\/menu\/#breadcrumb\"},\"inLanguage\":\"en-US\",\"potentialAction\":[{\"@type\":\"ReadAction\",\"target\":[\"https:\/\/bustoque.fr\/en\/menu\/\"]}]},{\"@type\":\"ImageObject\",\"inLanguage\":\"en-US\",\"@id\":\"https:\/\/bustoque.fr\/en\/menu\/#primaryimage\",\"url\":\"http:\/\/bustoque.fr\/wp-content\/uploads\/2023\/11\/logo_ruinart.png\",\"contentUrl\":\"http:\/\/bustoque.fr\/wp-content\/uploads\/2023\/11\/logo_ruinart.png\"},{\"@type\":\"BreadcrumbList\",\"@id\":\"https:\/\/bustoque.fr\/en\/menu\/#breadcrumb\",\"itemListElement\":[{\"@type\":\"ListItem\",\"position\":1,\"name\":\"Accueil\",\"item\":\"https:\/\/bustoque.fr\/en\/\"},{\"@type\":\"ListItem\",\"position\":2,\"name\":\"Offers \/ Menus\"}]},{\"@type\":\"WebSite\",\"@id\":\"https:\/\/bustoque.fr\/#website\",\"url\":\"https:\/\/bustoque.fr\/\",\"name\":\"Bus Toqu\u00e9\",\"description\":\"La table la mieux situ\u00e9e de Paris\",\"potentialAction\":[{\"@type\":\"SearchAction\",\"target\":{\"@type\":\"EntryPoint\",\"urlTemplate\":\"https:\/\/bustoque.fr\/?s={search_term_string}\"},\"query-input\":{\"@type\":\"PropertyValueSpecification\",\"valueRequired\":true,\"valueName\":\"search_term_string\"}}],\"inLanguage\":\"en-US\"}]}<\/script>\n<!-- \/ Yoast SEO plugin. -->","yoast_head_json":{"title":"Menu Bus Toqu\u00e9 : unique menu, drinks list, wine list","description":"Discover our unique menu (appetizer, entr\u00e9e, main course, cheese plate and signature dessert), our drinks and wine list.","robots":{"index":"index","follow":"follow","max-snippet":"max-snippet:-1","max-image-preview":"max-image-preview:large","max-video-preview":"max-video-preview:-1"},"canonical":"https:\/\/bustoque.fr\/en\/menu\/","og_locale":"en_US","og_type":"article","og_title":"Menu Bus Toqu\u00e9 : unique menu, drinks list, wine list","og_description":"Discover our unique menu (appetizer, entr\u00e9e, main course, cheese plate and signature dessert), our drinks and wine list.","og_url":"https:\/\/bustoque.fr\/en\/menu\/","og_site_name":"Bus Toqu\u00e9","article_modified_time":"2025-12-18T16:04:10+00:00","og_image":[{"width":300,"height":168,"url":"https:\/\/bustoque.fr\/wp-content\/uploads\/2023\/11\/logo_ruinart.png","type":"image\/png"}],"twitter_card":"summary_large_image","twitter_misc":{"Est. reading time":"3 minutes"},"schema":{"@context":"https:\/\/schema.org","@graph":[{"@type":"WebPage","@id":"https:\/\/bustoque.fr\/en\/menu\/","url":"https:\/\/bustoque.fr\/en\/menu\/","name":"Menu Bus Toqu\u00e9 : unique menu, drinks list, wine list","isPartOf":{"@id":"https:\/\/bustoque.fr\/#website"},"primaryImageOfPage":{"@id":"https:\/\/bustoque.fr\/en\/menu\/#primaryimage"},"image":{"@id":"https:\/\/bustoque.fr\/en\/menu\/#primaryimage"},"thumbnailUrl":"http:\/\/bustoque.fr\/wp-content\/uploads\/2023\/11\/logo_ruinart.png","datePublished":"2017-08-17T16:22:34+00:00","dateModified":"2025-12-18T16:04:10+00:00","description":"Discover our unique menu (appetizer, entr\u00e9e, main course, cheese plate and signature dessert), our drinks and wine list.","breadcrumb":{"@id":"https:\/\/bustoque.fr\/en\/menu\/#breadcrumb"},"inLanguage":"en-US","potentialAction":[{"@type":"ReadAction","target":["https:\/\/bustoque.fr\/en\/menu\/"]}]},{"@type":"ImageObject","inLanguage":"en-US","@id":"https:\/\/bustoque.fr\/en\/menu\/#primaryimage","url":"http:\/\/bustoque.fr\/wp-content\/uploads\/2023\/11\/logo_ruinart.png","contentUrl":"http:\/\/bustoque.fr\/wp-content\/uploads\/2023\/11\/logo_ruinart.png"},{"@type":"BreadcrumbList","@id":"https:\/\/bustoque.fr\/en\/menu\/#breadcrumb","itemListElement":[{"@type":"ListItem","position":1,"name":"Accueil","item":"https:\/\/bustoque.fr\/en\/"},{"@type":"ListItem","position":2,"name":"Offers \/ Menus"}]},{"@type":"WebSite","@id":"https:\/\/bustoque.fr\/#website","url":"https:\/\/bustoque.fr\/","name":"Bus Toqu\u00e9","description":"La table la mieux situ\u00e9e de Paris","potentialAction":[{"@type":"SearchAction","target":{"@type":"EntryPoint","urlTemplate":"https:\/\/bustoque.fr\/?s={search_term_string}"},"query-input":{"@type":"PropertyValueSpecification","valueRequired":true,"valueName":"search_term_string"}}],"inLanguage":"en-US"}]}},"_links":{"self":[{"href":"https:\/\/bustoque.fr\/en\/wp-json\/wp\/v2\/pages\/992","targetHints":{"allow":["GET"]}}],"collection":[{"href":"https:\/\/bustoque.fr\/en\/wp-json\/wp\/v2\/pages"}],"about":[{"href":"https:\/\/bustoque.fr\/en\/wp-json\/wp\/v2\/types\/page"}],"author":[{"embeddable":true,"href":"https:\/\/bustoque.fr\/en\/wp-json\/wp\/v2\/users\/2"}],"replies":[{"embeddable":true,"href":"https:\/\/bustoque.fr\/en\/wp-json\/wp\/v2\/comments?post=992"}],"version-history":[{"count":101,"href":"https:\/\/bustoque.fr\/en\/wp-json\/wp\/v2\/pages\/992\/revisions"}],"predecessor-version":[{"id":65871,"href":"https:\/\/bustoque.fr\/en\/wp-json\/wp\/v2\/pages\/992\/revisions\/65871"}],"wp:attachment":[{"href":"https:\/\/bustoque.fr\/en\/wp-json\/wp\/v2\/media?parent=992"}],"curies":[{"name":"wp","href":"https:\/\/api.w.org\/{rel}","templated":true}]}}